{"id":984,"date":"2010-12-17T16:27:04","date_gmt":"2010-12-17T15:27:04","guid":{"rendered":"http:\/\/www.packpapierverlag.de\/neu\/?p=984"},"modified":"2019-02-05T11:06:10","modified_gmt":"2019-02-05T10:06:10","slug":"die-unbeugsamen-von-der-spree","status":"publish","type":"product","link":"https:\/\/www.packpapierverlag.de\/?product=die-unbeugsamen-von-der-spree","title":{"rendered":"Die Unbeugsamen von der Spree (v59)"},"content":{"rendered":"<p><a href=\"https:\/\/www.packpapierverlag.de\/wp-content\/uploads\/2010\/12\/Die-Unbeugsamen.jpg\"><img loading=\"lazy\" decoding=\"async\" class=\"alignleft size-medium wp-image-3875\" title=\"Die Unbeugsamen\" src=\"https:\/\/www.packpapierverlag.de\/wp-content\/uploads\/2010\/12\/Die-Unbeugsamen-217x300.jpg\" alt=\"\" width=\"217\" height=\"300\" srcset=\"https:\/\/www.packpapierverlag.de\/wp-content\/uploads\/2010\/12\/Die-Unbeugsamen-217x300.jpg 217w, https:\/\/www.packpapierverlag.de\/wp-content\/uploads\/2010\/12\/Die-Unbeugsamen-300x413.jpg 300w, https:\/\/www.packpapierverlag.de\/wp-content\/uploads\/2010\/12\/Die-Unbeugsamen-743x1024.jpg 743w, https:\/\/www.packpapierverlag.de\/wp-content\/uploads\/2010\/12\/Die-Unbeugsamen.jpg 1024w\" sizes=\"auto, (max-width: 217px) 100vw, 217px\" \/><\/a><br \/>\n<small style=\"color: #204141;\"><big><span style=\"font-family: Helvetica,Arial,sans-serif; font-weight: bold; color: #366e6e;\">Die Unbeugsamen von der Spree. <\/span><\/big><br style=\"font-family: Helvetica,Arial,sans-serif;\" \/><span style=\"font-family: Helvetica,Arial,sans-serif;\">Interview mit Ronald Fritzsch, Gerald Kl\u00f6pper, Ralf Reinders und Fritz Teufel von 1978. Entstanden in der Untersuchungshaftanstalt Moabit. (Sollte zuerst im Stern gedruckt werden, hat er aber dann doch nicht gewagt.)<\/span><br style=\"font-family: Helvetica,Arial,sans-serif;\" \/><span style=\"font-family: Helvetica,Arial,sans-serif;\">Brosch\u00fcre im Format DIN A6, 80 Seiten, illustriert.<\/span><br style=\"font-family: Helvetica,Arial,sans-serif;\" \/><span style=\"font-family: Helvetica,Arial,sans-serif;\">\u00dcber Krieg, \u00dcberwachung und Polizeistaat, bewaffneten Kampf (RAF, 2. Juni und andere), Stadtguerilla, Leben im Untergrund, Illegalit\u00e4t, Veralberung der Justiz, Haftbedingungen, Neue \u00dcberlegungen und die Zukunft der Bewegung 2. Juni.<\/span><\/small><\/p>\n","protected":false},"excerpt":{"rendered":"<p>Die Unbeugsamen von der Spree. Interview mit Ronald Fritzsch, Gerald [&hellip;] &hellip; <a href=\"https:\/\/www.packpapierverlag.de\/?product=die-unbeugsamen-von-der-spree\">Weiterlesen <span class=\"meta-nav\">&rarr;<\/span><\/a><\/p>\n","protected":false},"featured_media":3875,"template":"","meta":[],"product_brand":[],"product_cat":[9,3],"product_tag":[],"class_list":{"0":"post-984","1":"product","2":"type-product","3":"status-publish","4":"has-post-thumbnail","6":"product_cat-bewegung-widerstand","7":"product_cat-produkte","9":"first","10":"instock","11":"shipping-taxable","12":"purchasable","13":"product-type-simple"},"_links":{"self":[{"href":"https:\/\/www.packpapierverlag.de\/index.php?rest_route=\/wp\/v2\/product\/984","targetHints":{"allow":["GET"]}}],"collection":[{"href":"https:\/\/www.packpapierverlag.de\/index.php?rest_route=\/wp\/v2\/product"}],"about":[{"href":"https:\/\/www.packpapierverlag.de\/index.php?rest_route=\/wp\/v2\/types\/product"}],"wp:featuredmedia":[{"embeddable":true,"href":"https:\/\/www.packpapierverlag.de\/index.php?rest_route=\/wp\/v2\/media\/3875"}],"wp:attachment":[{"href":"https:\/\/www.packpapierverlag.de\/index.php?rest_route=%2Fwp%2Fv2%2Fmedia&parent=984"}],"wp:term":[{"taxonomy":"product_brand","embeddable":true,"href":"https:\/\/www.packpapierverlag.de\/index.php?rest_route=%2Fwp%2Fv2%2Fproduct_brand&post=984"},{"taxonomy":"product_cat","embeddable":true,"href":"https:\/\/www.packpapierverlag.de\/index.php?rest_route=%2Fwp%2Fv2%2Fproduct_cat&post=984"},{"taxonomy":"product_tag","embeddable":true,"href":"https:\/\/www.packpapierverlag.de\/index.php?rest_route=%2Fwp%2Fv2%2Fproduct_tag&post=984"}],"curies":[{"name":"wp","href":"https:\/\/api.w.org\/{rel}","templated":true}]}}